{"id":275,"date":"2021-06-16T12:09:13","date_gmt":"2021-06-16T12:09:13","guid":{"rendered":"https:\/\/hotel-west-florence.ms.decms.eu\/?page_id=275"},"modified":"2021-06-16T12:09:13","modified_gmt":"2021-06-16T12:09:13","slug":"habitaciones","status":"publish","type":"page","link":"https:\/\/www.westflorencehotel.it\/es\/habitaciones\/","title":{"rendered":"Habitaciones"},"content":{"rendered":"<p>Las habitaciones son muy acogedoras y<strong> equipadas por tecnolog\u00edas avanzadas y elementos funcionales<\/strong>:\u00a0aire condicionado ajustable individualmente, balcones, parqu\u00e9, cortinas exclusivas, caja fuerte electr\u00f3nico, minibar, televisi\u00f3n y tel\u00e9fono. Los respectivos cuartos de ba\u00f1o son <strong>muy espaciosos y gozan de luz natural gracias a una ventana muy ampli<\/strong>a\u00a0y est\u00e1n enriquecidos por calentador de toallas, secador de pelo y tel\u00e9fono. En algunos de los cuartos incluso hay ba\u00f1adera hidromasaje.<\/p>\n<p><strong>El desayuno se sirve en el primer piso y en dos salas dedicadas,<\/strong> una para los grupos y otra para los viajadores individuales. El bufet es en l\u00ednea con la clase del Hotel y ofrece tanto comida caliente como fr\u00eda.<\/p>\n","protected":false},"excerpt":{"rendered":"<p>Las habitaciones son muy acogedoras y equipadas por tecnolog\u00edas avanzadas y elementos funcionales:\u00a0aire condicionado ajustable individualmente, balcones, parqu\u00e9, cortinas exclusivas, caja fuerte electr\u00f3nico, minibar, televisi\u00f3n y tel\u00e9fono. Los respectivos cuartos de ba\u00f1o son muy espaciosos y gozan de luz natural gracias a una ventana muy amplia\u00a0y est\u00e1n enriquecidos por calentador de toallas, secador de pelo [&hellip;]<\/p>\n","protected":false},"author":4,"featured_media":0,"parent":0,"menu_order":20,"comment_status":"closed","ping_status":"closed","template":"template-rooms.php","meta":{"footnotes":""},"class_list":["post-275","page","type-page","status-publish","hentry"],"yoast_head":"<!-- This site is optimized with the Yoast SEO plugin v26.9 - https:\/\/yoast.com\/product\/yoast-seo-wordpress\/ -->\n<title>Habitaciones - Hotel West Florence -<\/title>\n<meta name=\"description\" content=\"Las habitaciones son muy acogedoras y equipadas por tecnolog\u00edas avanzadas y elementos funcionales:\u00a0aire condicionado ajustable individualmente, balcones, parqu\u00e9, cortinas exclusivas, caja fuerte electr\u00f3nico, minibar, televisi\u00f3n y tel\u00e9fono. Los respectivos cuartos de ba\u00f1o son muy espaciosos y gozan de luz natural gracias a una ventana muy amplia\u00a0y est\u00e1n enriquecidos por calentador de toallas, secador de pelo y tel\u00e9fono\" \/>\n<meta name=\"robots\" content=\"index, follow, max-snippet:-1, max-image-preview:large, max-video-preview:-1\" \/>\n<link rel=\"canonical\" href=\"https:\/\/www.westflorencehotel.it\/es\/habitaciones\/\" \/>\n<meta property=\"og:locale\" content=\"es_ES\" \/>\n<meta property=\"og:type\" content=\"article\" \/>\n<meta property=\"og:title\" content=\"Habitaciones - Hotel West Florence -\" \/>\n<meta property=\"og:description\" content=\"Las habitaciones son muy acogedoras y equipadas por tecnolog\u00edas avanzadas y elementos funcionales:\u00a0aire condicionado ajustable individualmente, balcones, parqu\u00e9, cortinas exclusivas, caja fuerte electr\u00f3nico, minibar, televisi\u00f3n y tel\u00e9fono. Los respectivos cuartos de ba\u00f1o son muy espaciosos y gozan de luz natural gracias a una ventana muy amplia\u00a0y est\u00e1n enriquecidos por calentador de toallas, secador de pelo y tel\u00e9fono\" \/>\n<meta property=\"og:url\" content=\"https:\/\/www.westflorencehotel.it\/es\/habitaciones\/\" \/>\n<meta property=\"og:site_name\" content=\"Hotel West Florence\" \/>\n<meta name=\"twitter:card\" content=\"summary_large_image\" \/>\n<meta name=\"twitter:label1\" content=\"Tiempo de lectura\" \/>\n\t<meta name=\"twitter:data1\" content=\"1 minuto\" \/>\n<script type=\"application\/ld+json\" class=\"yoast-schema-graph\">{\"@context\":\"https:\/\/schema.org\",\"@graph\":[{\"@type\":\"WebPage\",\"@id\":\"https:\/\/www.westflorencehotel.it\/es\/habitaciones\/\",\"url\":\"https:\/\/www.westflorencehotel.it\/es\/habitaciones\/\",\"name\":\"Habitaciones - Hotel West Florence -\",\"isPartOf\":{\"@id\":\"https:\/\/www.westflorencehotel.it\/es\/#website\"},\"datePublished\":\"2021-06-16T12:09:13+00:00\",\"description\":\"Las habitaciones son muy acogedoras y equipadas por tecnolog\u00edas avanzadas y elementos funcionales:\u00a0aire condicionado ajustable individualmente, balcones, parqu\u00e9, cortinas exclusivas, caja fuerte electr\u00f3nico, minibar, televisi\u00f3n y tel\u00e9fono. Los respectivos cuartos de ba\u00f1o son muy espaciosos y gozan de luz natural gracias a una ventana muy amplia\u00a0y est\u00e1n enriquecidos por calentador de toallas, secador de pelo y tel\u00e9fono\",\"breadcrumb\":{\"@id\":\"https:\/\/www.westflorencehotel.it\/es\/habitaciones\/#breadcrumb\"},\"inLanguage\":\"es\",\"potentialAction\":[{\"@type\":\"ReadAction\",\"target\":[\"https:\/\/www.westflorencehotel.it\/es\/habitaciones\/\"]}]},{\"@type\":\"BreadcrumbList\",\"@id\":\"https:\/\/www.westflorencehotel.it\/es\/habitaciones\/#breadcrumb\",\"itemListElement\":[{\"@type\":\"ListItem\",\"position\":1,\"name\":\"Home\",\"item\":\"https:\/\/www.westflorencehotel.it\/es\/\"},{\"@type\":\"ListItem\",\"position\":2,\"name\":\"Habitaciones\"}]},{\"@type\":\"WebSite\",\"@id\":\"https:\/\/www.westflorencehotel.it\/es\/#website\",\"url\":\"https:\/\/www.westflorencehotel.it\/es\/\",\"name\":\"Hotel West Florence\",\"description\":\"Just another ms.decms.eu site\",\"potentialAction\":[{\"@type\":\"SearchAction\",\"target\":{\"@type\":\"EntryPoint\",\"urlTemplate\":\"https:\/\/www.westflorencehotel.it\/es\/?s={search_term_string}\"},\"query-input\":{\"@type\":\"PropertyValueSpecification\",\"valueRequired\":true,\"valueName\":\"search_term_string\"}}],\"inLanguage\":\"es\"}]}<\/script>\n<!-- \/ Yoast SEO plugin. -->","yoast_head_json":{"title":"Habitaciones - Hotel West Florence -","description":"Las habitaciones son muy acogedoras y equipadas por tecnolog\u00edas avanzadas y elementos funcionales:\u00a0aire condicionado ajustable individualmente, balcones, parqu\u00e9, cortinas exclusivas, caja fuerte electr\u00f3nico, minibar, televisi\u00f3n y tel\u00e9fono. Los respectivos cuartos de ba\u00f1o son muy espaciosos y gozan de luz natural gracias a una ventana muy amplia\u00a0y est\u00e1n enriquecidos por calentador de toallas, secador de pelo y tel\u00e9fono","robots":{"index":"index","follow":"follow","max-snippet":"max-snippet:-1","max-image-preview":"max-image-preview:large","max-video-preview":"max-video-preview:-1"},"canonical":"https:\/\/www.westflorencehotel.it\/es\/habitaciones\/","og_locale":"es_ES","og_type":"article","og_title":"Habitaciones - Hotel West Florence -","og_description":"Las habitaciones son muy acogedoras y equipadas por tecnolog\u00edas avanzadas y elementos funcionales:\u00a0aire condicionado ajustable individualmente, balcones, parqu\u00e9, cortinas exclusivas, caja fuerte electr\u00f3nico, minibar, televisi\u00f3n y tel\u00e9fono. Los respectivos cuartos de ba\u00f1o son muy espaciosos y gozan de luz natural gracias a una ventana muy amplia\u00a0y est\u00e1n enriquecidos por calentador de toallas, secador de pelo y tel\u00e9fono","og_url":"https:\/\/www.westflorencehotel.it\/es\/habitaciones\/","og_site_name":"Hotel West Florence","twitter_card":"summary_large_image","twitter_misc":{"Tiempo de lectura":"1 minuto"},"schema":{"@context":"https:\/\/schema.org","@graph":[{"@type":"WebPage","@id":"https:\/\/www.westflorencehotel.it\/es\/habitaciones\/","url":"https:\/\/www.westflorencehotel.it\/es\/habitaciones\/","name":"Habitaciones - Hotel West Florence -","isPartOf":{"@id":"https:\/\/www.westflorencehotel.it\/es\/#website"},"datePublished":"2021-06-16T12:09:13+00:00","description":"Las habitaciones son muy acogedoras y equipadas por tecnolog\u00edas avanzadas y elementos funcionales:\u00a0aire condicionado ajustable individualmente, balcones, parqu\u00e9, cortinas exclusivas, caja fuerte electr\u00f3nico, minibar, televisi\u00f3n y tel\u00e9fono. Los respectivos cuartos de ba\u00f1o son muy espaciosos y gozan de luz natural gracias a una ventana muy amplia\u00a0y est\u00e1n enriquecidos por calentador de toallas, secador de pelo y tel\u00e9fono","breadcrumb":{"@id":"https:\/\/www.westflorencehotel.it\/es\/habitaciones\/#breadcrumb"},"inLanguage":"es","potentialAction":[{"@type":"ReadAction","target":["https:\/\/www.westflorencehotel.it\/es\/habitaciones\/"]}]},{"@type":"BreadcrumbList","@id":"https:\/\/www.westflorencehotel.it\/es\/habitaciones\/#breadcrumb","itemListElement":[{"@type":"ListItem","position":1,"name":"Home","item":"https:\/\/www.westflorencehotel.it\/es\/"},{"@type":"ListItem","position":2,"name":"Habitaciones"}]},{"@type":"WebSite","@id":"https:\/\/www.westflorencehotel.it\/es\/#website","url":"https:\/\/www.westflorencehotel.it\/es\/","name":"Hotel West Florence","description":"Just another ms.decms.eu site","potentialAction":[{"@type":"SearchAction","target":{"@type":"EntryPoint","urlTemplate":"https:\/\/www.westflorencehotel.it\/es\/?s={search_term_string}"},"query-input":{"@type":"PropertyValueSpecification","valueRequired":true,"valueName":"search_term_string"}}],"inLanguage":"es"}]}},"acf":[],"_links":{"self":[{"href":"https:\/\/www.westflorencehotel.it\/es\/wp-json\/wp\/v2\/pages\/275","targetHints":{"allow":["GET"]}}],"collection":[{"href":"https:\/\/www.westflorencehotel.it\/es\/wp-json\/wp\/v2\/pages"}],"about":[{"href":"https:\/\/www.westflorencehotel.it\/es\/wp-json\/wp\/v2\/types\/page"}],"author":[{"embeddable":true,"href":"https:\/\/www.westflorencehotel.it\/es\/wp-json\/wp\/v2\/users\/4"}],"replies":[{"embeddable":true,"href":"https:\/\/www.westflorencehotel.it\/es\/wp-json\/wp\/v2\/comments?post=275"}],"version-history":[{"count":0,"href":"https:\/\/www.westflorencehotel.it\/es\/wp-json\/wp\/v2\/pages\/275\/revisions"}],"wp:attachment":[{"href":"https:\/\/www.westflorencehotel.it\/es\/wp-json\/wp\/v2\/media?parent=275"}],"curies":[{"name":"wp","href":"https:\/\/api.w.org\/{rel}","templated":true}]}}